{"id":247,"date":"2024-06-18T08:47:08","date_gmt":"2024-06-18T05:47:08","guid":{"rendered":"https:\/\/zenitbet.guru\/?page_id=247"},"modified":"2024-06-19T10:56:31","modified_gmt":"2024-06-19T07:56:31","slug":"zenitbet-2","status":"publish","type":"page","link":"https:\/\/zenitbet.guru\/","title":{"rendered":"Zenitbet (BK Zenit): bukmeker kontorunun tam icmal\u0131"},"content":{"rendered":"<p>BC Zenit, 1998-ci ild\u0259n Curacao lisenziyas\u0131 alt\u0131nda f\u0259aliyy\u0259t g\u00f6st\u0259r\u0259n bir Qazax\u0131stan \u015firk\u0259tidir. Android \u00fc\u00e7\u00fcn bir t\u0259tbiq var, ilk depoziti ikiqat art\u0131r\u0131r, b\u00fct\u00fcn \u0259sas idman n\u00f6vl\u0259ri \u00fc\u00e7\u00fcn \u0259la X\u0259tt v\u0259 r\u0259sm t\u0259klif edir.<\/p>\n<p>Zenitbet com bukmekerinin \u0259sas \u00e7at\u0131\u015fmazl\u0131qlar\u0131: n\u00fcfuz probleml\u0259ri, iOS t\u0259tbiqinin olmamas\u0131 v\u0259 z\u0259if bir promosyon proqram\u0131.<\/p>\n<div class=\"btn-box\"><span data-href=\"aHR0cHM6Ly96ZW5pdGJldC5ndXJ1L2dvemVuaXQv\" class=\"btn btn-size-big js-link\" style=\"background-color:#0084ff;color:#ffffff;\" target=\"_self\">Veb sayt\u0131na gedin<\/span><\/div>\n<h2>Zenit bukmeker kontorunun x\u0259tti v\u0259 r\u0259sm<\/h2>\n<p>Zenit bukmeker kontorunun futbol x\u0259tti b\u00fct\u00fcn \u0259sas bazarlar\u0131 ehtiva edir. Onun g\u00fccl\u00fc t\u0259r\u0259fl\u0259ri:<\/p>\n<ul>\n<li>Fora, adi v\u0259 f\u0259rdi c\u0259md\u0259 bir \u00e7ox Market;<\/li>\n<li>oyun hadis\u0259l\u0259ri v\u0259 qol amill\u0259ri \u00fczr\u0259 m\u0259rcl\u0259r realla\u015fd\u0131;<\/li>\n<li>birl\u0259\u015fdirilmi\u015f bahis var: ilk yar\u0131da q\u0259l\u0259b\u0259 v\u0259 qol, dig\u0259rl\u0259ri;<\/li>\n<li>d\u0259yi\u015f\u0259n statistika: \u00c7arpazdak\u0131 z\u0259rb\u0259l\u0259r, kartlar, a\u00e7\u0131lar.<\/li>\n<\/ul>\n<p>\u018fsas \u00e7at\u0131\u015fmazl\u0131q tipik v\u0259ziyy\u0259tl\u0259r \u00fc\u00e7\u00fcn bazarlar\u0131n olmamas\u0131d\u0131r: idman\u00e7\u0131n\u0131n \u00e7\u0131xar\u0131lmas\u0131, penalti, ikiqat. Zenitbet x\u0259tti ki\u00e7ik liqa mat\u00e7lar\u0131 da daxil olmaqla b\u00fct\u00fcn \u0259h\u0259miyy\u0259tli futbol hadis\u0259l\u0259rini \u0259hat\u0259 edir. Efiopiya \u00e7empionat\u0131 v\u0259 ya Serbiya Qad\u0131n \u00c7empionat\u0131 kimi yerli kuboklar\u0131 da t\u0259qdim edir.<\/p>\n<p>Zenit BC-d\u0259 a\u015fa\u011f\u0131dak\u0131 f\u0259nl\u0259rin x\u0259tti v\u0259 r\u0259ngl\u0259nm\u0259si yax\u015f\u0131 i\u015fl\u0259nmi\u015fdir:<\/p>\n<ol>\n<li>Xokkey<\/li>\n<\/ol>\n<p>BK Zenit NHL, KHL, AHL, milli \u00e7empionatlar, beyn\u0259lxalq yar\u0131\u015flar, yerli kuboklar \u00fczr\u0259 m\u0259rcl\u0259ri q\u0259bul edir. Statistika, f\u0259rdi oyun\u00e7u performans\u0131, qollar, d\u00f6vrl\u0259r v\u0259 totallar \u00fc\u00e7\u00fcn bir \u00e7ox bazar m\u00f6vcuddur. R\u0259sm 700-800 biletl\u0259r\u0259 \u00e7at\u0131r.<\/p>\n<ol start=\"2\">\n<li>Tennis<\/li>\n<\/ol>\n<p>B\u00fct\u00fcn turnirl\u0259r, o c\u00fcml\u0259d\u0259n shallengers, Futures kateqoriyas\u0131ndak\u0131 yar\u0131\u015flar t\u0259qdim olunur. Standart r\u0259sm: oyun \u00fczr\u0259 \u00fcmumi, \u00e7\u0131x\u0131\u015f v\u0259 fora. \u018flav\u0259 bazarlar \u00fcst d\u00f6y\u00fc\u015fl\u0259rd\u0259 n\u00fcmayi\u015f olunur: Statistika, ikiqat s\u0259hvl\u0259r, ACE, mat\u00e7 toplar\u0131, xidm\u0259t faizl\u0259ri.<\/p>\n<ol start=\"3\">\n<li>Basketbol<\/li>\n<\/ol>\n<p>BK zenit x\u0259tti NBA oyunlar\u0131n\u0131, ki\u015fi v\u0259 qad\u0131n \u00e7empionatlar\u0131n\u0131, Avropa Liqas\u0131n\u0131 \u0259hat\u0259 edir. Total v\u0259 fora \u00e7ox d\u0259yi\u015fk\u0259ndir. Statistika, oyun\u00e7ular\u0131n f\u0259rdi g\u00f6st\u0259ricil\u0259ri \u00fc\u00e7\u00fcn bir \u00e7ox marketl\u0259r d\u0259 var. Mat\u00e7lar \u00fc\u00e7\u00fcn bir ne\u00e7\u0259 ondan 2-3 y\u00fcz\u0259 q\u0259d\u0259r bilet verilir. Zenit bukmeker \u015firk\u0259ti h\u0259tta ikinci d\u0259r\u0259c\u0259li oyunlarda da fora v\u0259 Total xal alma\u011fa imkan verir.<\/p>\n<ol start=\"4\">\n<li>Dig\u0259r istiqam\u0259t<\/li>\n<\/ol>\n<p>Zenit BC-d\u0259 a\u015fa\u011f\u0131dak\u0131 f\u0259nl\u0259rin x\u0259tti v\u0259 r\u0259ngl\u0259nm\u0259si yax\u015f\u0131 i\u015fl\u0259nmi\u015fdir:<\/p>\n<ul>\n<li>eSports;<\/li>\n<li>kiberfutbol;<\/li>\n<li>h\u0259ndbol;<\/li>\n<li>stol\u00fcst\u00fc tennis;<\/li>\n<li>d\u00f6y\u00fc\u015fl\u0259r.<\/li>\n<\/ul>\n<p>Qalan idman n\u00f6vl\u0259ri a\u015fa\u011f\u0131 v\u0259 ya orta s\u0259viyy\u0259d\u0259 t\u0259msil olunur.<\/p>\n<blockquote class=\"warning\"><p>\u018fyl\u0259nc\u0259li fakt: R\u0259smi veb sayt BC Zenit, BetCity il\u0259 eyni x\u0259tti ehtiva edir.<\/p><\/blockquote>\n<h2>\u0130lk add\u0131mlar<\/h2>\n<p>Profilin yarad\u0131lmas\u0131 v\u0259 BC Zenit-\u0259 giri\u015f bir hesab\u0131 olan yetkin istifad\u0259\u00e7il\u0259r\u0259 icaz\u0259 verilir. Sayt d\u00fcnyan\u0131n h\u0259r yerind\u0259n oyun\u00e7ular\u0131 q\u0259bul edir. Qeydiyyat t\u0259limat\u0131:<\/p>\n<ol>\n<li>&#8220;Qeydiyyat&#8221; d\u00fcym\u0259sini vurun, t\u0259l\u0259b olunan m\u0259lumatlar\u0131 verin v\u0259 SMS mesaj\u0131ndan kodu daxil edin.<\/li>\n<li>\u0130lk depozit\u0259 +100% almaq \u00fc\u00e7\u00fcn &#8220;SUPERPUPERBONUS&#8221; promosyon kodundan istifad\u0259 edin (detallar \u2014 a\u015fa\u011f\u0131da).<\/li>\n<li>\u015e\u0259xsi m\u0259lumatlar\u0131 &#8220;\u0259sas m\u0259lumatlar&#8221;alt\u0131nda g\u00f6st\u0259rin.<\/li>\n<li>E-po\u00e7tu &#8220;po\u00e7t redakt\u0259si&#8221;b\u00f6lm\u0259sind\u0259 yoxlay\u0131n. E-po\u00e7t \u00fcnvan\u0131n\u0131 t\u0259sdiql\u0259m\u0259k \u00fc\u00e7\u00fcn zenit com BC-d\u0259n bir e-po\u00e7t a\u00e7\u0131n v\u0259 g\u00f6st\u0259ril\u0259n linki izl\u0259yin.<\/li>\n<\/ol>\n<div class=\"btn-box\"><span data-href=\"aHR0cHM6Ly96ZW5pdGJldC5ndXJ1L3J1L3NzeWxrYS1uYS16ZW55dC8=\" class=\"btn btn-size-big js-link\" style=\"background-color:#0084ff;color:#ffffff;\" target=\"_self\">Bonus al\u0131n<\/span><\/div>\n<p>Qeydiyyatdan sonra Zenitbet-\u0259 giri\u015f, m\u0259rcl\u0259rin qeydiyyat\u0131, aksiyalarda i\u015ftirak m\u00f6vcud olacaq. V\u0259sait \u00e7\u0131xarmaq \u00fc\u00e7\u00fcn hesab\u0131 a\u015fa\u011f\u0131dak\u0131 t\u0259limatlara uy\u011fun olaraq aktivl\u0259\u015fdirin:<\/p>\n<ul>\n<li>\u015e\u0259xsi m\u0259lumatlarda s\u0259hv v\u0259 s\u0259hvl\u0259rin olmad\u0131\u011f\u0131ndan \u0259min olun;<\/li>\n<li>ilk geri \u00e7\u0259kilm\u0259ni edin;<\/li>\n<li>moderatora hans\u0131 s\u0259n\u0259d taramalar\u0131n\u0131n g\u00f6nd\u0259rilm\u0259li oldu\u011funu \u00f6yr\u0259nin;<\/li>\n<li>m\u0259tn v\u0259 foto\u015f\u0259kill\u0259ri ayd\u0131n \u015f\u0259kild\u0259 g\u00f6st\u0259r\u0259n \u015f\u0259kill\u0259r g\u00f6nd\u0259rin.<\/li>\n<li>yoxlaman\u0131n bitm\u0259sini g\u00f6zl\u0259yin.<\/li>\n<\/ul>\n<p>Zenit bukmekerin\u0259 giri\u015f \u0259sas sayt, mobil versiya v\u0259 ya Android t\u0259tbiqi vasit\u0259sil\u0259 h\u0259yata ke\u00e7irilir.<\/p>\n<blockquote class=\"warning\"><p>\u018fh\u0259miyy\u0259tli: qeydiyyatdan ke\u00e7m\u0259d\u0259n v\u0259 BC Zenit-\u0259 girm\u0259d\u0259n \u0259vv\u0259l sayt\u0131n qaydalar\u0131n\u0131 oxuyun. Onlar m\u00fcnt\u0259z\u0259m olaraq yenil\u0259nir, onlardan h\u0259r hans\u0131 birinin pozulmas\u0131 profilin bloklanmas\u0131na s\u0259b\u0259b ola bil\u0259r.<\/p><\/blockquote>\n<h2>Xo\u015f bonus<\/h2>\n<p>Zenit bukmeker \u015firk\u0259ti &#8220;SUPERPUPERBONUS&#8221; promo kodunu daxil ed\u0259rk\u0259n v\u0259 balans\u0131 2-340 dollar art\u0131rark\u0259n ilk \u0259man\u0259ti ikiqat art\u0131r\u0131r. V\u0259saitl\u0259rin \u00e7\u0131xar\u0131lmas\u0131 \u00fc\u00e7\u00fcn bonus m\u0259bl\u0259\u011fini 5 v\u0259 ya daha \u00e7ox hadis\u0259ni ehtiva ed\u0259n Ekspres qatarlarla 1.4 d\u0259f\u0259 v\u0259 daha y\u00fcks\u0259k \u0259msallarla qoymaq laz\u0131md\u0131r.<\/p>\n<p>BK Zenitbet xo\u015f g\u0259lmisiniz bonusu haqq\u0131nda \u0259lav\u0259 m\u0259lumat:<\/p>\n<ol>\n<li>Aksiya 2022-ci ilin sonuna q\u0259d\u0259r q\u00fcvv\u0259d\u0259dir.<\/li>\n<li>Bonus qeydiyyat tarixind\u0259n bir ay \u0259rzind\u0259 oynan\u0131lmal\u0131d\u0131r. Vaxt\u0131n\u0131z yoxdursa, pul yanacaq.<\/li>\n<li>Yaln\u0131z idman m\u0259rcl\u0259ri n\u0259z\u0259r\u0259 al\u0131n\u0131r.<\/li>\n<\/ol>\n<p>2022-ci ild\u0259n etibar\u0259n zenit BC-nin r\u0259smi sayt\u0131nda dig\u0259r s\u0259hml\u0259rin t\u0259sviri yoxdur.<\/p>\n<h2>Maliyy\u0259 \u0259m\u0259liyyatlar\u0131 v\u0259 margin<\/h2>\n<p>Hesab\u0131 doldurmaq \u00fc\u00e7\u00fcn a\u015fa\u011f\u0131dak\u0131 vasit\u0259l\u0259rd\u0259n istifad\u0259 olunur:<\/p>\n<ul>\n<li>Visa, MasterCard bank kartlar\u0131;<\/li>\n<li>\u00f6d\u0259ni\u015f sisteml\u0259ri Vebmoney, Piastrix, M\u00fck\u0259mm\u0259l Pul, Ecopayz;<\/li>\n<li>Bitcoin, Ethereum, Tether cryptocurrency c\u00fczdanlar\u0131.<\/li>\n<\/ul>\n<p>Depozit m\u0259bl\u0259\u011fi 3 il\u0259 4000 dollar aras\u0131ndad\u0131r. Pul \u00e7\u0131xarmaq \u00fc\u00e7\u00fcn eyni vasit\u0259l\u0259rd\u0259n, el\u0259c\u0259 d\u0259 d\u00fcnya bank kartlar\u0131ndan istifad\u0259 olunur. Komissiya s\u0131f\u0131rd\u0131r, \u00f6d\u0259ni\u015fl\u0259r d\u0259rhal h\u0259yata ke\u00e7irilir v\u0259 ya bir ne\u00e7\u0259 saat \u00e7\u0259kir.<\/p>\n<p>Zenit bukmekerinin r\u0259smi sayt\u0131nda rubl, qrivna, dollar, avro v\u0259 dig\u0259r 3 valyutada m\u0259rc edirl\u0259r.<\/p>\n<p>\u018fn yax\u015f\u0131 5 \u00f6lk\u0259nin v\u0259 Rusiyan\u0131n \u0259sas futbol bahisl\u0259rinin marjas\u0131 2.2 il\u0259 5.8% aras\u0131nda d\u0259yi\u015fir. Zenit Beth dig\u0259r idman komissiyalar\u0131:<\/p>\n<ol>\n<li>Xokkey-n\u0259tic\u0259l\u0259r, foralar, NHL v\u0259 KHL totallar\u0131 \u00fc\u00e7\u00fcn 2,5 il\u0259 4% aras\u0131nda. Qit\u0259 xokkey Liqas\u0131na qoymaq \u0259n s\u0259rf\u0259lidir.<\/li>\n<li>Basketbol-NBA-n\u0131n \u0259sas m\u0259rcl\u0259rind\u0259 2.8-d\u0259n 7.5-\u0259 q\u0259d\u0259r. Avropa kuboklar\u0131 v\u0259 milli \u00e7empionatlar \u00fc\u00e7\u00fcn Marja 5.5% &#8211; d\u0259n ba\u015flay\u0131r v\u0259 10% &#8211; \u0259 \u00e7at\u0131r.<\/li>\n<li>Tennis-Zenitbet com bukmeker Komissiyas\u0131 5% &#8211; d\u0259n ba\u015flay\u0131r. Nadir d\u0259r\u0259c\u0259l\u0259r 8-12% marj il\u0259 g\u0259lir.<\/li>\n<\/ol>\n<p>Populyar olmayan f\u0259nl\u0259r \u00fc\u00e7\u00fcn margin: 8% &#8211; d\u0259n.<\/p>\n<h2>D\u0259st\u0259k<\/h2>\n<p>Zenitbet bukmeker \u015firk\u0259tinin \u0259m\u0259kda\u015flar\u0131 oyun\u00e7ularla a\u015fa\u011f\u0131dak\u0131 kanallarda \u00fcnsiyy\u0259t qururlar:<\/p>\n<ul>\n<li>telefon: 8 (800) 222-22-12;<\/li>\n<li>e-po\u00e7t: support@zenitbet.com;<\/li>\n<li>Viber: @zenitbetsupportbot;<\/li>\n<li>WhatsApp: +44 (7908) 00 88 18;<\/li>\n<li>Vkontakte: http:\/\/vk.com\/zenitbetofficial;<\/li>\n<li>Telegram: @zbetbot.<\/li>\n<\/ul>\n<p>Zenitbet com-un d\u0259st\u0259k xidm\u0259tin\u0259 bukmeker kontorunun f\u0259aliyy\u0259ti il\u0259 ba\u011fl\u0131 ist\u0259nil\u0259n m\u0259s\u0259l\u0259l\u0259r \u00fczr\u0259 m\u00fcraci\u0259t edilir. Gec\u0259-g\u00fcnd\u00fcz i\u015fl\u0259yir.<\/p>\n<h2>Etibarl\u0131l\u0131q BK Zenit<\/h2>\n<p>Bukmeker kontoru tez-tez hesablar\u0131n \u0259sass\u0131z bloklanmas\u0131, v\u0259saitin \u00f6d\u0259nilm\u0259m\u0259si, zenit BC-d\u0259 u\u011furlu m\u0259rcl\u0259rin l\u0259\u011fvi il\u0259 ba\u011fl\u0131 qalmaqallarda g\u00f6r\u00fcn\u00fcr. Saytda qeydiyyatdan ke\u00e7m\u0259d\u0259n \u0259vv\u0259l bu h\u0259qiq\u0259ti n\u0259z\u0259r\u0259 alma\u011f\u0131 m\u0259sl\u0259h\u0259t g\u00f6r\u00fcr\u00fck.<\/p>\n<p>Eyni zamanda, Zenit bukmekerinin a\u015fa\u011f\u0131dak\u0131 g\u00fccl\u00fc t\u0259r\u0259fl\u0259ri var:<\/p>\n<ul>\n<li>daxili bazar standartlar\u0131na g\u00f6r\u0259 y\u00fcks\u0259k \u0259msallar;<\/li>\n<li>rahat Android t\u0259tbiqi v\u0259 yax\u015f\u0131 uy\u011funla\u015fd\u0131r\u0131lm\u0131\u015f mobil versiya;<\/li>\n<li>limitl\u0259ri art\u0131rma\u011fa imkan ver\u0259n VIP bahis funksiyas\u0131;<\/li>\n<li>s\u0131f\u0131r marj t\u0259klifl\u0259rinin olmas\u0131.<\/li>\n<\/ul>\n<blockquote class=\"check\"><p>N\u0259tic\u0259: oyun\u00e7ular\u0131n \u0259h\u0259miyy\u0259tli bir hiss\u0259si onlayn olaraq BC Zenit oynayaraq probleml\u0259rl\u0259 qar\u015f\u0131la\u015fm\u0131r. Bununla birlikd\u0259, Ofis n\u00fcfuz probleml\u0259ri il\u0259 \u00fczl\u0259\u015fdi v\u0259 bonus proqram\u0131 a\u00e7\u0131q \u015f\u0259kild\u0259 z\u0259ifdir. Zenit com-a bahis etm\u0259y\u0259 d\u0259y\u0259r olub olmad\u0131\u011f\u0131n\u0131 diqq\u0259tl\u0259 d\u00fc\u015f\u00fcn\u00fcn.<\/p><\/blockquote>\n","protected":false},"excerpt":{"rendered":"<p>BC Zenit, 1998-ci ild\u0259n Curacao lisenziyas\u0131 alt\u0131nda f\u0259aliyy\u0259t g\u00f6st\u0259r\u0259n bir Qazax\u0131stan \u015firk\u0259tidir. Android \u00fc\u00e7\u00fcn bir t\u0259tbiq var, ilk depoziti ikiqat art\u0131r\u0131r, b\u00fct\u00fcn \u0259sas idman n\u00f6vl\u0259ri \u00fc\u00e7\u00fcn \u0259la X\u0259tt v\u0259 r\u0259sm t\u0259klif edir. Zenitbet com bukmekerinin \u0259sas \u00e7at\u0131\u015fmazl\u0131qlar\u0131: n\u00fcfuz probleml\u0259ri, iOS t\u0259tbiqinin olmamas\u0131 v\u0259 z\u0259if bir promosyon proqram\u0131. Zenit bukmeker kontorunun x\u0259tti v\u0259 r\u0259sm Zenit bukmeker [&hellip;]<\/p>\n","protected":false},"author":1,"featured_media":25,"parent":0,"menu_order":0,"comment_status":"closed","ping_status":"closed","template":"","meta":{"_locale":"az","_original_post":"https:\/\/zenitbet.guru\/?page_id=11","footnotes":""},"class_list":["post-247","page","type-page","status-publish","has-post-thumbnail","","az"],"yoast_head":"<!-- This site is optimized with the Yoast SEO plugin v24.5 - https:\/\/yoast.com\/wordpress\/plugins\/seo\/ -->\n<title>BC Zenit \/ Zenitbet bukmeker \u015firk\u0259ti \/ m\u0259rcl\u0259r v\u0259 Zenit bet com x\u0259tti<\/title>\n<meta name=\"description\" content=\"BK Zenit t\u0259xmin\u0259n 23 ildir i\u015fl\u0259yir, bu da onun etibarl\u0131l\u0131\u011f\u0131n\u0131 g\u00f6st\u0259rir. Zenitbet bukmeker kontorunda m\u0259rc v\u0259 kazinolar\u0131n b\u00f6y\u00fck se\u00e7imi. Depozit\u0259 100%.\" \/>\n<meta name=\"robots\" content=\"index, follow, max-snippet:-1, max-image-preview:large, max-video-preview:-1\" \/>\n<link rel=\"canonical\" href=\"https:\/\/zenitbet.guru\/az\/\" \/>\n<meta property=\"og:locale\" content=\"az_AZ\" \/>\n<meta property=\"og:type\" content=\"article\" \/>\n<meta property=\"og:title\" content=\"BC Zenit \/ Zenitbet bukmeker \u015firk\u0259ti \/ m\u0259rcl\u0259r v\u0259 Zenit bet com x\u0259tti\" \/>\n<meta property=\"og:description\" content=\"BK Zenit t\u0259xmin\u0259n 23 ildir i\u015fl\u0259yir, bu da onun etibarl\u0131l\u0131\u011f\u0131n\u0131 g\u00f6st\u0259rir. Zenitbet bukmeker kontorunda m\u0259rc v\u0259 kazinolar\u0131n b\u00f6y\u00fck se\u00e7imi. Depozit\u0259 100%.\" \/>\n<meta property=\"og:url\" content=\"https:\/\/zenitbet.guru\/az\/\" \/>\n<meta property=\"og:site_name\" content=\"Zenitbet\" \/>\n<meta property=\"article:modified_time\" content=\"2024-06-19T07:56:31+00:00\" \/>\n<meta property=\"og:image\" content=\"https:\/\/zenitbet.guru\/wp-content\/uploads\/2021\/05\/BK-Zenytbet-obzor-bukmekerskoj-kontory-Zenyt-1.jpg\" \/>\n\t<meta property=\"og:image:width\" content=\"770\" \/>\n\t<meta property=\"og:image:height\" content=\"330\" \/>\n\t<meta property=\"og:image:type\" content=\"image\/jpeg\" \/>\n<meta name=\"twitter:card\" content=\"summary_large_image\" \/>\n<meta name=\"twitter:label1\" content=\"Est. reading time\" \/>\n\t<meta name=\"twitter:data1\" content=\"5 minutes\" \/>\n<script type=\"application\/ld+json\" class=\"yoast-schema-graph\">{\"@context\":\"https:\/\/schema.org\",\"@graph\":[{\"@type\":\"WebPage\",\"@id\":\"https:\/\/zenitbet.guru\/az\/\",\"url\":\"https:\/\/zenitbet.guru\/az\/\",\"name\":\"BC Zenit \/ Zenitbet bukmeker \u015firk\u0259ti \/ m\u0259rcl\u0259r v\u0259 Zenit bet com x\u0259tti\",\"isPartOf\":{\"@id\":\"https:\/\/zenitbet.guru\/#website\"},\"primaryImageOfPage\":{\"@id\":\"https:\/\/zenitbet.guru\/az\/#primaryimage\"},\"image\":{\"@id\":\"https:\/\/zenitbet.guru\/az\/#primaryimage\"},\"thumbnailUrl\":\"https:\/\/zenitbet.guru\/wp-content\/uploads\/2021\/05\/BK-Zenytbet-obzor-bukmekerskoj-kontory-Zenyt-1.jpg\",\"datePublished\":\"2024-06-18T05:47:08+00:00\",\"dateModified\":\"2024-06-19T07:56:31+00:00\",\"description\":\"BK Zenit t\u0259xmin\u0259n 23 ildir i\u015fl\u0259yir, bu da onun etibarl\u0131l\u0131\u011f\u0131n\u0131 g\u00f6st\u0259rir. Zenitbet bukmeker kontorunda m\u0259rc v\u0259 kazinolar\u0131n b\u00f6y\u00fck se\u00e7imi. Depozit\u0259 100%.\",\"breadcrumb\":{\"@id\":\"https:\/\/zenitbet.guru\/az\/#breadcrumb\"},\"inLanguage\":\"az\",\"potentialAction\":[{\"@type\":\"ReadAction\",\"target\":[\"https:\/\/zenitbet.guru\/az\/\"]}]},{\"@type\":\"ImageObject\",\"inLanguage\":\"az\",\"@id\":\"https:\/\/zenitbet.guru\/az\/#primaryimage\",\"url\":\"https:\/\/zenitbet.guru\/wp-content\/uploads\/2021\/05\/BK-Zenytbet-obzor-bukmekerskoj-kontory-Zenyt-1.jpg\",\"contentUrl\":\"https:\/\/zenitbet.guru\/wp-content\/uploads\/2021\/05\/BK-Zenytbet-obzor-bukmekerskoj-kontory-Zenyt-1.jpg\",\"width\":770,\"height\":330,\"caption\":\"\u0411\u041a \u0417\u0435\u043d\u0438\u0442\u0431\u0435\u0442 - \u043e\u0431\u0437\u043e\u0440 \u0431\u0443\u043a\u043c\u0435\u043a\u0435\u0440\u0441\u043a\u043e\u0439 \u043a\u043e\u043d\u0442\u043e\u0440\u044b \u0417\u0435\u043d\u0438\u0442\"},{\"@type\":\"BreadcrumbList\",\"@id\":\"https:\/\/zenitbet.guru\/az\/#breadcrumb\",\"itemListElement\":[{\"@type\":\"ListItem\",\"position\":1,\"name\":\"\u0413\u043b\u0430\u0432\u043d\u0430\u044f \u0441\u0442\u0440\u0430\u043d\u0438\u0446\u0430\",\"item\":\"https:\/\/zenitbet.guru\/az\/\"},{\"@type\":\"ListItem\",\"position\":2,\"name\":\"Zenitbet (BK Zenit): bukmeker kontorunun tam icmal\u0131\"}]},{\"@type\":\"WebSite\",\"@id\":\"https:\/\/zenitbet.guru\/#website\",\"url\":\"https:\/\/zenitbet.guru\/\",\"name\":\"Zenitbet\",\"description\":\"\",\"publisher\":{\"@id\":\"https:\/\/zenitbet.guru\/#\/schema\/person\/fe63aa31323651afedf2ab1a4b69eb19\"},\"potentialAction\":[{\"@type\":\"SearchAction\",\"target\":{\"@type\":\"EntryPoint\",\"urlTemplate\":\"https:\/\/zenitbet.guru\/?s={search_term_string}\"},\"query-input\":{\"@type\":\"PropertyValueSpecification\",\"valueRequired\":true,\"valueName\":\"search_term_string\"}}],\"inLanguage\":\"az\"},{\"@type\":[\"Person\",\"Organization\"],\"@id\":\"https:\/\/zenitbet.guru\/#\/schema\/person\/fe63aa31323651afedf2ab1a4b69eb19\",\"name\":\"Zenitbet\",\"image\":{\"@type\":\"ImageObject\",\"inLanguage\":\"az\",\"@id\":\"https:\/\/zenitbet.guru\/#\/schema\/person\/image\/\",\"url\":\"https:\/\/secure.gravatar.com\/avatar\/ceb73375ddba30661a5a844b3e28dce614c4aceee64791bfa4b6acfc17cb3c30?s=96&d=mm&r=g\",\"contentUrl\":\"https:\/\/secure.gravatar.com\/avatar\/ceb73375ddba30661a5a844b3e28dce614c4aceee64791bfa4b6acfc17cb3c30?s=96&d=mm&r=g\",\"caption\":\"Zenitbet\"},\"logo\":{\"@id\":\"https:\/\/zenitbet.guru\/#\/schema\/person\/image\/\"},\"sameAs\":[\"https:\/\/zenitbet.guru\"]}]}<\/script>\n<!-- \/ Yoast SEO plugin. -->","yoast_head_json":{"title":"BC Zenit \/ Zenitbet bukmeker \u015firk\u0259ti \/ m\u0259rcl\u0259r v\u0259 Zenit bet com x\u0259tti","description":"BK Zenit t\u0259xmin\u0259n 23 ildir i\u015fl\u0259yir, bu da onun etibarl\u0131l\u0131\u011f\u0131n\u0131 g\u00f6st\u0259rir. Zenitbet bukmeker kontorunda m\u0259rc v\u0259 kazinolar\u0131n b\u00f6y\u00fck se\u00e7imi. Depozit\u0259 100%.","robots":{"index":"index","follow":"follow","max-snippet":"max-snippet:-1","max-image-preview":"max-image-preview:large","max-video-preview":"max-video-preview:-1"},"canonical":"https:\/\/zenitbet.guru\/az\/","og_locale":"az_AZ","og_type":"article","og_title":"BC Zenit \/ Zenitbet bukmeker \u015firk\u0259ti \/ m\u0259rcl\u0259r v\u0259 Zenit bet com x\u0259tti","og_description":"BK Zenit t\u0259xmin\u0259n 23 ildir i\u015fl\u0259yir, bu da onun etibarl\u0131l\u0131\u011f\u0131n\u0131 g\u00f6st\u0259rir. Zenitbet bukmeker kontorunda m\u0259rc v\u0259 kazinolar\u0131n b\u00f6y\u00fck se\u00e7imi. Depozit\u0259 100%.","og_url":"https:\/\/zenitbet.guru\/az\/","og_site_name":"Zenitbet","article_modified_time":"2024-06-19T07:56:31+00:00","og_image":[{"width":770,"height":330,"url":"https:\/\/zenitbet.guru\/wp-content\/uploads\/2021\/05\/BK-Zenytbet-obzor-bukmekerskoj-kontory-Zenyt-1.jpg","type":"image\/jpeg"}],"twitter_card":"summary_large_image","twitter_misc":{"Est. reading time":"5 minutes"},"schema":{"@context":"https:\/\/schema.org","@graph":[{"@type":"WebPage","@id":"https:\/\/zenitbet.guru\/az\/","url":"https:\/\/zenitbet.guru\/az\/","name":"BC Zenit \/ Zenitbet bukmeker \u015firk\u0259ti \/ m\u0259rcl\u0259r v\u0259 Zenit bet com x\u0259tti","isPartOf":{"@id":"https:\/\/zenitbet.guru\/#website"},"primaryImageOfPage":{"@id":"https:\/\/zenitbet.guru\/az\/#primaryimage"},"image":{"@id":"https:\/\/zenitbet.guru\/az\/#primaryimage"},"thumbnailUrl":"https:\/\/zenitbet.guru\/wp-content\/uploads\/2021\/05\/BK-Zenytbet-obzor-bukmekerskoj-kontory-Zenyt-1.jpg","datePublished":"2024-06-18T05:47:08+00:00","dateModified":"2024-06-19T07:56:31+00:00","description":"BK Zenit t\u0259xmin\u0259n 23 ildir i\u015fl\u0259yir, bu da onun etibarl\u0131l\u0131\u011f\u0131n\u0131 g\u00f6st\u0259rir. Zenitbet bukmeker kontorunda m\u0259rc v\u0259 kazinolar\u0131n b\u00f6y\u00fck se\u00e7imi. Depozit\u0259 100%.","breadcrumb":{"@id":"https:\/\/zenitbet.guru\/az\/#breadcrumb"},"inLanguage":"az","potentialAction":[{"@type":"ReadAction","target":["https:\/\/zenitbet.guru\/az\/"]}]},{"@type":"ImageObject","inLanguage":"az","@id":"https:\/\/zenitbet.guru\/az\/#primaryimage","url":"https:\/\/zenitbet.guru\/wp-content\/uploads\/2021\/05\/BK-Zenytbet-obzor-bukmekerskoj-kontory-Zenyt-1.jpg","contentUrl":"https:\/\/zenitbet.guru\/wp-content\/uploads\/2021\/05\/BK-Zenytbet-obzor-bukmekerskoj-kontory-Zenyt-1.jpg","width":770,"height":330,"caption":"\u0411\u041a \u0417\u0435\u043d\u0438\u0442\u0431\u0435\u0442 - \u043e\u0431\u0437\u043e\u0440 \u0431\u0443\u043a\u043c\u0435\u043a\u0435\u0440\u0441\u043a\u043e\u0439 \u043a\u043e\u043d\u0442\u043e\u0440\u044b \u0417\u0435\u043d\u0438\u0442"},{"@type":"BreadcrumbList","@id":"https:\/\/zenitbet.guru\/az\/#breadcrumb","itemListElement":[{"@type":"ListItem","position":1,"name":"\u0413\u043b\u0430\u0432\u043d\u0430\u044f \u0441\u0442\u0440\u0430\u043d\u0438\u0446\u0430","item":"https:\/\/zenitbet.guru\/az\/"},{"@type":"ListItem","position":2,"name":"Zenitbet (BK Zenit): bukmeker kontorunun tam icmal\u0131"}]},{"@type":"WebSite","@id":"https:\/\/zenitbet.guru\/#website","url":"https:\/\/zenitbet.guru\/","name":"Zenitbet","description":"","publisher":{"@id":"https:\/\/zenitbet.guru\/#\/schema\/person\/fe63aa31323651afedf2ab1a4b69eb19"},"potentialAction":[{"@type":"SearchAction","target":{"@type":"EntryPoint","urlTemplate":"https:\/\/zenitbet.guru\/?s={search_term_string}"},"query-input":{"@type":"PropertyValueSpecification","valueRequired":true,"valueName":"search_term_string"}}],"inLanguage":"az"},{"@type":["Person","Organization"],"@id":"https:\/\/zenitbet.guru\/#\/schema\/person\/fe63aa31323651afedf2ab1a4b69eb19","name":"Zenitbet","image":{"@type":"ImageObject","inLanguage":"az","@id":"https:\/\/zenitbet.guru\/#\/schema\/person\/image\/","url":"https:\/\/secure.gravatar.com\/avatar\/ceb73375ddba30661a5a844b3e28dce614c4aceee64791bfa4b6acfc17cb3c30?s=96&d=mm&r=g","contentUrl":"https:\/\/secure.gravatar.com\/avatar\/ceb73375ddba30661a5a844b3e28dce614c4aceee64791bfa4b6acfc17cb3c30?s=96&d=mm&r=g","caption":"Zenitbet"},"logo":{"@id":"https:\/\/zenitbet.guru\/#\/schema\/person\/image\/"},"sameAs":["https:\/\/zenitbet.guru"]}]}},"_links":{"self":[{"href":"https:\/\/zenitbet.guru\/wp-json\/wp\/v2\/pages\/247","targetHints":{"allow":["GET"]}}],"collection":[{"href":"https:\/\/zenitbet.guru\/wp-json\/wp\/v2\/pages"}],"about":[{"href":"https:\/\/zenitbet.guru\/wp-json\/wp\/v2\/types\/page"}],"author":[{"embeddable":true,"href":"https:\/\/zenitbet.guru\/wp-json\/wp\/v2\/users\/1"}],"replies":[{"embeddable":true,"href":"https:\/\/zenitbet.guru\/wp-json\/wp\/v2\/comments?post=247"}],"version-history":[{"count":2,"href":"https:\/\/zenitbet.guru\/wp-json\/wp\/v2\/pages\/247\/revisions"}],"predecessor-version":[{"id":445,"href":"https:\/\/zenitbet.guru\/wp-json\/wp\/v2\/pages\/247\/revisions\/445"}],"wp:featuredmedia":[{"embeddable":true,"href":"https:\/\/zenitbet.guru\/wp-json\/wp\/v2\/media\/25"}],"wp:attachment":[{"href":"https:\/\/zenitbet.guru\/wp-json\/wp\/v2\/media?parent=247"}],"curies":[{"name":"wp","href":"https:\/\/api.w.org\/{rel}","templated":true}]}}